{"id":1510,"date":"2024-12-19T15:12:15","date_gmt":"2024-12-19T14:12:15","guid":{"rendered":"https:\/\/doblewg.com\/site\/?page_id=1510"},"modified":"2024-12-19T15:12:16","modified_gmt":"2024-12-19T14:12:16","slug":"derecho-laboral","status":"publish","type":"page","link":"https:\/\/doblewg.com\/site\/derecho-laboral\/","title":{"rendered":"Derecho Laboral"},"content":{"rendered":"\n<p>Asesor\u00eda integral en derecho laboral, que abarca seguridad social, negociaciones colectivas, juicios laborales, expatriaci\u00f3n e inmigraci\u00f3n de trabajadores, planes de compensaci\u00f3n para ejecutivos, tributaci\u00f3n laboral, as\u00ed como due diligence y auditor\u00edas laborales.<\/p>\n","protected":false},"excerpt":{"rendered":"<p>Asesor\u00eda integral en derecho laboral, que abarca seguridad social, negociaciones colectivas, juicios laborales, expatriaci\u00f3n e inmigraci\u00f3n de trabajadores, planes de compensaci\u00f3n para ejecutivos, tributaci\u00f3n laboral, as\u00ed como due diligence y &#8230;<\/p>\n","protected":false},"author":1,"featured_media":0,"parent":0,"menu_order":0,"comment_status":"closed","ping_status":"closed","template":"","meta":{"footnotes":""},"class_list":["post-1510","page","type-page","status-publish","hentry"],"_links":{"self":[{"href":"https:\/\/doblewg.com\/site\/wp-json\/wp\/v2\/pages\/1510","targetHints":{"allow":["GET"]}}],"collection":[{"href":"https:\/\/doblewg.com\/site\/wp-json\/wp\/v2\/pages"}],"about":[{"href":"https:\/\/doblewg.com\/site\/wp-json\/wp\/v2\/types\/page"}],"author":[{"embeddable":true,"href":"https:\/\/doblewg.com\/site\/wp-json\/wp\/v2\/users\/1"}],"replies":[{"embeddable":true,"href":"https:\/\/doblewg.com\/site\/wp-json\/wp\/v2\/comments?post=1510"}],"version-history":[{"count":1,"href":"https:\/\/doblewg.com\/site\/wp-json\/wp\/v2\/pages\/1510\/revisions"}],"predecessor-version":[{"id":1511,"href":"https:\/\/doblewg.com\/site\/wp-json\/wp\/v2\/pages\/1510\/revisions\/1511"}],"wp:attachment":[{"href":"https:\/\/doblewg.com\/site\/wp-json\/wp\/v2\/media?parent=1510"}],"curies":[{"name":"wp","href":"https:\/\/api.w.org\/{rel}","templated":true}]}}